{"id":2472,"date":"2015-12-19T10:24:02","date_gmt":"2015-12-19T10:24:02","guid":{"rendered":"http:\/\/bookie.dev\/?page_id=2472"},"modified":"2021-11-12T13:18:49","modified_gmt":"2021-11-12T13:18:49","slug":"iletisim","status":"publish","type":"page","link":"https:\/\/starkmenu.com\/en\/iletisim\/","title":{"rendered":"CONTACT US"},"content":{"rendered":"<p>[vc_row][vc_column][vc_gmaps link=&#8221;#E-8_JTNDaWZyYW1lJTIwc3JjJTNEJTIyaHR0cHMlM0ElMkYlMkZ3d3cuZ29vZ2xlLmNvbSUyRm1hcHMlMkZlbWJlZCUzRnBiJTNEJTIxMW0xNCUyMTFtOCUyMTFtMyUyMTFkNjAyMC4yNzMxMzg1MzUxNzklMjEyZDI4LjkxODI3NiUyMTNkNDEuMDIyMjY4JTIxM20yJTIxMWkxMDI0JTIxMmk3NjglMjE0ZjEzLjElMjEzbTMlMjExbTIlMjExczB4MCUyNTNBMHg0YmEzMzFkMWJiNjRlOTQyJTIxMnpVM1JoY21zZ1RXVnV3N3dnVFdWdXc3d2dTMkZpeExFc0lFUmxjbWtndzV4eXc3eHViR1Z5YVNCMlpTQlBkR1ZzSUVWcmFYQnRZVzVzWVhMRXNRJTIxNWUwJTIxM20yJTIxMXN0ciUyMTJzdHIlMjE0djE1OTE3Mzc3MDU1MTYlMjE1bTIlMjExc3RyJTIxMnN0ciUyMiUyMHdpZHRoJTNEJTIyMTAwJTI1JTIyJTIwaGVpZ2h0JTNEJTIyMzAwJTIyJTIwZnJhbWVib3JkZXIlM0QlMjIwJTIyJTIwc3R5bGUlM0QlMjJib3JkZXIlM0EwJTNCJTIyJTIwYWxsb3dmdWxsc2NyZWVuJTNEJTIyJTIyJTIwYXJpYS1oaWRkZW4lM0QlMjJmYWxzZSUyMiUyMHRhYmluZGV4JTNEJTIyMCUyMiUzRSUzQyUyRmlmcmFtZSUzRQ==&#8221;][\/vc_column][\/vc_row][vc_row el_class=&#8221;contact-page-icon-area&#8221;][vc_column width=&#8221;1\/2&#8243;][vc_custom_heading text=&#8221;MAIN OFFICE-SHOWROOM AND PRODUCTION-ISTANBUL-TURKEY&#8221; font_container=&#8221;tag:div|text_align:left|color:%23790726&#8243; google_fonts=&#8221;font_family:Oswald%3A300%2Cregular%2C700|font_style:700%20bold%20regular%3A700%3Anormal&#8221; css=&#8221;.vc_custom_1602231680405{margin-bottom: 15px !important;}&#8221;][vc_row_inner][vc_column_inner width=&#8221;1\/6&#8243;][vc_icon icon_fontawesome=&#8221;fa fa-map-marker&#8221; color=&#8221;custom&#8221; background_style=&#8221;boxed&#8221; background_color=&#8221;custom&#8221; size=&#8221;xs&#8221; custom_color=&#8221;#ffffff&#8221; custom_background_color=&#8221;#790726&#8243; css=&#8221;.vc_custom_1591739302454{border-radius: 5px !important;}&#8221;][vc_column_text][\/vc_column_text][\/vc_column_inner][vc_column_inner width=&#8221;5\/6&#8243;][vc_column_text]<\/p>\n<pre id=\"tw-target-text\" class=\"tw-data-text tw-text-large XcVN5d tw-ta\" dir=\"ltr\" data-placeholder=\"\u00c7eviri\"><strong><span lang=\"en\">Address<\/span> :<\/strong> Davutpa\u015fa Cad. Baran i\u015f merkezi \r\nNo.75\/79 Topkap\u0131 \/ Istanbul \/ TURKEY<\/pre>\n<p>[\/vc_column_text][\/vc_column_inner][\/vc_row_inner][\/vc_column][vc_column width=&#8221;1\/2&#8243;][vc_row_inner][vc_column_inner width=&#8221;1\/6&#8243;][vc_icon icon_fontawesome=&#8221;fa fa-envelope-o&#8221; color=&#8221;custom&#8221; background_style=&#8221;boxed&#8221; background_color=&#8221;custom&#8221; size=&#8221;xs&#8221; custom_color=&#8221;#ffffff&#8221; custom_background_color=&#8221;#790726&#8243; css=&#8221;.vc_custom_1591740745285{border-radius: 5px !important;}&#8221;][\/vc_column_inner][vc_column_inner width=&#8221;5\/6&#8243; css=&#8221;.vc_custom_1591739536001{margin: 0px !important;padding: 0px !important;border: 0px initial !important;}&#8221;][vc_column_text]<strong><span class=\"iletisim-icon\">E-Mail\u00a0<\/span>:<\/strong> <a href=\"mailto:stark@starkmenu.com.tr\">stark@starkmenu.com.tr<\/a>[\/vc_column_text][\/vc_column_inner][\/vc_row_inner][\/vc_column][\/vc_row][vc_row el_class=&#8221;contact-page-icon-area&#8221; css=&#8221;.vc_custom_1591794462856{margin-bottom: 30px !important;}&#8221;][vc_column width=&#8221;1\/2&#8243;][vc_row_inner][vc_column_inner width=&#8221;1\/6&#8243;][vc_icon icon_fontawesome=&#8221;fa fa-phone&#8221; color=&#8221;custom&#8221; background_style=&#8221;boxed&#8221; background_color=&#8221;custom&#8221; size=&#8221;xs&#8221; custom_color=&#8221;#ffffff&#8221; custom_background_color=&#8221;#790726&#8243; css=&#8221;.vc_custom_1591740247101{border-radius: 5px !important;}&#8221;][\/vc_column_inner][vc_column_inner width=&#8221;5\/6&#8243; css=&#8221;.vc_custom_1591739536001{margin: 0px !important;padding: 0px !important;border: 0px initial !important;}&#8221;][vc_column_text]<strong><span class=\"iletisim-icon\">Office phone <\/span>:<\/strong> <a href=\"tel:+902126133750\">(+90) 212 613 37 50<\/a>[\/vc_column_text][\/vc_column_inner][\/vc_row_inner][\/vc_column][vc_column width=&#8221;1\/2&#8243;][vc_row_inner][vc_column_inner width=&#8221;1\/6&#8243;][vc_icon icon_fontawesome=&#8221;fa fa-phone&#8221; color=&#8221;custom&#8221; background_style=&#8221;boxed&#8221; background_color=&#8221;custom&#8221; size=&#8221;xs&#8221; custom_color=&#8221;#ffffff&#8221; custom_background_color=&#8221;#790726&#8243; css=&#8221;.vc_custom_1591740247101{border-radius: 5px !important;}&#8221;][\/vc_column_inner][vc_column_inner width=&#8221;5\/6&#8243; css=&#8221;.vc_custom_1591739536001{margin: 0px !important;padding: 0px !important;border: 0px initial !important;}&#8221;][vc_column_text]<strong><span class=\"iletisim-icon\">Mobile Phones <\/span>:<\/strong> <a href=\"tel:+905303852155\">(+90) 530 385 21 55<\/a>[\/vc_column_text][\/vc_column_inner][\/vc_row_inner][\/vc_column][\/vc_row][vc_row][vc_column width=&#8221;1\/2&#8243; el_class=&#8221;contact-page-icon-area&#8221; css=&#8221;.vc_custom_1591740023752{padding-right: 60px !important;}&#8221;][vc_custom_heading text=&#8221;BRANCH &#8211; ISTOC \/ ISTANBUL \/ TURKEY&#8221; font_container=&#8221;tag:div|text_align:left|color:%23790726&#8243; google_fonts=&#8221;font_family:Oswald%3A300%2Cregular%2C700|font_style:700%20bold%20regular%3A700%3Anormal&#8221; css=&#8221;.vc_custom_1598884504336{margin-bottom: 15px !important;}&#8221;][vc_row_inner][vc_column_inner width=&#8221;1\/6&#8243;][vc_icon icon_fontawesome=&#8221;fa fa-map-marker&#8221; color=&#8221;custom&#8221; background_style=&#8221;boxed&#8221; background_color=&#8221;custom&#8221; size=&#8221;xs&#8221; custom_color=&#8221;#ffffff&#8221; custom_background_color=&#8221;#790726&#8243; css=&#8221;.vc_custom_1591739302454{border-radius: 5px !important;}&#8221;][\/vc_column_inner][vc_column_inner width=&#8221;5\/6&#8243; css=&#8221;.vc_custom_1591739536001{margin: 0px !important;padding: 0px !important;border: 0px initial !important;}&#8221;][vc_column_text]<strong>Address :<\/strong> \u0130sto\u00e7 Toptanc\u0131lar \u00c7ar\u015f\u0131s\u0131 4.Ada No 118 Mahmutbey Ba\u011fc\u0131lar \/ \u0130stanbul \/ TURKEY[\/vc_column_text][\/vc_column_inner][\/vc_row_inner][vc_row_inner][vc_column_inner width=&#8221;1\/6&#8243;][vc_icon icon_fontawesome=&#8221;fa fa-phone&#8221; color=&#8221;custom&#8221; background_style=&#8221;boxed&#8221; background_color=&#8221;custom&#8221; size=&#8221;xs&#8221; custom_color=&#8221;#ffffff&#8221; custom_background_color=&#8221;#790726&#8243; css=&#8221;.vc_custom_1591740247101{border-radius: 5px !important;}&#8221;][\/vc_column_inner][vc_column_inner width=&#8221;5\/6&#8243; css=&#8221;.vc_custom_1591739536001{margin: 0px !important;padding: 0px !important;border: 0px initial !important;}&#8221;][vc_column_text]<strong><span class=\"iletisim-icon\">Office Phone <\/span>:<\/strong> <a href=\"tel:+902126590097\">(+90) 212 659 00 97<\/a>[\/vc_column_text][\/vc_column_inner][\/vc_row_inner][vc_row_inner][vc_column_inner width=&#8221;1\/6&#8243;][vc_icon icon_fontawesome=&#8221;fa fa-phone&#8221; color=&#8221;custom&#8221; background_style=&#8221;boxed&#8221; background_color=&#8221;custom&#8221; size=&#8221;xs&#8221; custom_color=&#8221;#ffffff&#8221; custom_background_color=&#8221;#790726&#8243; css=&#8221;.vc_custom_1591740247101{border-radius: 5px !important;}&#8221;][\/vc_column_inner][vc_column_inner width=&#8221;5\/6&#8243; css=&#8221;.vc_custom_1591739536001{margin: 0px !important;padding: 0px !important;border: 0px initial !important;}&#8221;][vc_column_text]<strong><span class=\"iletisim-icon\">Mobile Phones <\/span>:<\/strong> <a href=\"cep:+905331672180\">(+90) 553 167 21 80<\/a>[\/vc_column_text][\/vc_column_inner][\/vc_row_inner][vc_row_inner][vc_column_inner width=&#8221;1\/6&#8243;][vc_icon icon_fontawesome=&#8221;fa fa-envelope-o&#8221; color=&#8221;custom&#8221; background_style=&#8221;boxed&#8221; background_color=&#8221;custom&#8221; size=&#8221;xs&#8221; custom_color=&#8221;#ffffff&#8221; custom_background_color=&#8221;#790726&#8243; css=&#8221;.vc_custom_1591740745285{border-radius: 5px !important;}&#8221;][\/vc_column_inner][vc_column_inner width=&#8221;5\/6&#8243; css=&#8221;.vc_custom_1591739536001{margin: 0px !important;padding: 0px !important;border: 0px initial !important;}&#8221;][vc_column_text]<strong><span class=\"iletisim-icon\">E-Mail\u00a0<\/span>:<\/strong> <a href=\"mailto:istoc@starkmenu.com.tr\">istoc@starkmenu.com.tr<\/a>[\/vc_column_text][\/vc_column_inner][\/vc_row_inner][vc_custom_heading text=&#8221;BRANCH \/TOPKAPI \/ TURKEY&#8221; font_container=&#8221;tag:div|text_align:left|color:%23790726&#8243; google_fonts=&#8221;font_family:Oswald%3A300%2Cregular%2C700|font_style:700%20bold%20regular%3A700%3Anormal&#8221; css=&#8221;.vc_custom_1602231737876{margin-top: 15px !important;margin-bottom: 15px !important;}&#8221;][vc_row_inner][vc_column_inner width=&#8221;1\/6&#8243;][vc_icon icon_fontawesome=&#8221;fa fa-map-marker&#8221; color=&#8221;custom&#8221; background_style=&#8221;boxed&#8221; background_color=&#8221;custom&#8221; size=&#8221;xs&#8221; custom_color=&#8221;#ffffff&#8221; custom_background_color=&#8221;#790726&#8243; css=&#8221;.vc_custom_1591739302454{border-radius: 5px !important;}&#8221;][\/vc_column_inner][vc_column_inner width=&#8221;5\/6&#8243; css=&#8221;.vc_custom_1591739536001{margin: 0px !important;padding: 0px !important;border: 0px initial !important;}&#8221;][vc_column_text]<strong>Adress :<\/strong> Litros Yolu 2. Matbaac\u0131lar Sitesi C Blok Kat: 1 No: ZC\/24 Topkap\u0131 \/ \u0130STANBUL[\/vc_column_text][\/vc_column_inner][\/vc_row_inner][vc_row_inner][vc_column_inner width=&#8221;1\/6&#8243;][vc_icon icon_fontawesome=&#8221;fa fa-phone&#8221; color=&#8221;custom&#8221; background_style=&#8221;boxed&#8221; background_color=&#8221;custom&#8221; size=&#8221;xs&#8221; custom_color=&#8221;#ffffff&#8221; custom_background_color=&#8221;#790726&#8243; css=&#8221;.vc_custom_1591740247101{border-radius: 5px !important;}&#8221;][\/vc_column_inner][vc_column_inner width=&#8221;5\/6&#8243; css=&#8221;.vc_custom_1591739536001{margin: 0px !important;padding: 0px !important;border: 0px initial !important;}&#8221;][vc_column_text]<strong><span class=\"iletisim-icon\">Office Phone <\/span>:<\/strong> <a href=\"tel:+902125191333\">(+90) 212 519 13 33<\/a>[\/vc_column_text][\/vc_column_inner][\/vc_row_inner][vc_row_inner][vc_column_inner width=&#8221;1\/6&#8243;][vc_icon icon_fontawesome=&#8221;fa fa-phone&#8221; color=&#8221;custom&#8221; background_style=&#8221;boxed&#8221; background_color=&#8221;custom&#8221; size=&#8221;xs&#8221; custom_color=&#8221;#ffffff&#8221; custom_background_color=&#8221;#790726&#8243; css=&#8221;.vc_custom_1591740247101{border-radius: 5px !important;}&#8221;][\/vc_column_inner][vc_column_inner width=&#8221;5\/6&#8243; css=&#8221;.vc_custom_1591739536001{margin: 0px !important;padding: 0px !important;border: 0px initial !important;}&#8221;][vc_column_text]<strong><span class=\"iletisim-icon\">Mobile Phone<\/span>:<\/strong> <a href=\"tel:+905441860097\">(+90) 544 186 00 97<\/a>[\/vc_column_text][\/vc_column_inner][\/vc_row_inner][vc_row_inner][vc_column_inner width=&#8221;1\/6&#8243;][vc_icon icon_fontawesome=&#8221;fa fa-envelope-o&#8221; color=&#8221;custom&#8221; background_style=&#8221;boxed&#8221; background_color=&#8221;custom&#8221; size=&#8221;xs&#8221; custom_color=&#8221;#ffffff&#8221; custom_background_color=&#8221;#790726&#8243; css=&#8221;.vc_custom_1591740745285{border-radius: 5px !important;}&#8221;][\/vc_column_inner][vc_column_inner width=&#8221;5\/6&#8243; css=&#8221;.vc_custom_1591739536001{margin: 0px !important;padding: 0px !important;border: 0px initial !important;}&#8221;][vc_column_text]<strong><span class=\"iletisim-icon\">E-Mail\u00a0<\/span>:<\/strong> <a href=\"mailto:topkapi@starkmenu.com.tr\">topkapi@starkmenu.com.tr<\/a>[\/vc_column_text][\/vc_column_inner][\/vc_row_inner][vc_custom_heading text=&#8221;BRANCH ANTALYA \/ TURKEY&#8221; font_container=&#8221;tag:div|text_align:left|color:%23790726&#8243; google_fonts=&#8221;font_family:Oswald%3A300%2Cregular%2C700|font_style:700%20bold%20regular%3A700%3Anormal&#8221; css=&#8221;.vc_custom_1602231723644{margin-top: 15px !important;margin-bottom: 15px !important;}&#8221;][vc_row_inner][vc_column_inner width=&#8221;1\/6&#8243;][vc_icon icon_fontawesome=&#8221;fa fa-map-marker&#8221; color=&#8221;custom&#8221; background_style=&#8221;boxed&#8221; background_color=&#8221;custom&#8221; size=&#8221;xs&#8221; custom_color=&#8221;#ffffff&#8221; custom_background_color=&#8221;#790726&#8243; css=&#8221;.vc_custom_1591739302454{border-radius: 5px !important;}&#8221;][\/vc_column_inner][vc_column_inner width=&#8221;5\/6&#8243; css=&#8221;.vc_custom_1591739536001{margin: 0px !important;padding: 0px !important;border: 0px initial !important;}&#8221;][vc_column_text]<strong>Adress :<\/strong> K\u0131z\u0131lsaray Mh. Yener Ulusoy Bulvar\u0131 83. Sk. Akay Apt. No:2 Muratpa\u015fa \/ ANTALYA[\/vc_column_text][\/vc_column_inner][\/vc_row_inner][vc_row_inner][vc_column_inner width=&#8221;1\/6&#8243;][vc_icon icon_fontawesome=&#8221;fa fa-phone&#8221; color=&#8221;custom&#8221; background_style=&#8221;boxed&#8221; background_color=&#8221;custom&#8221; size=&#8221;xs&#8221; custom_color=&#8221;#ffffff&#8221; custom_background_color=&#8221;#790726&#8243; css=&#8221;.vc_custom_1591740247101{border-radius: 5px !important;}&#8221;][\/vc_column_inner][vc_column_inner width=&#8221;5\/6&#8243; css=&#8221;.vc_custom_1591739536001{margin: 0px !important;padding: 0px !important;border: 0px initial !important;}&#8221;][vc_column_text]<strong><span class=\"iletisim-icon\">Office Phone <\/span>:<\/strong> <a href=\"tel:+902422416243\">(+90) 242 241 62 43<\/a>[\/vc_column_text][\/vc_column_inner][\/vc_row_inner][vc_row_inner][vc_column_inner width=&#8221;1\/6&#8243;][vc_icon icon_fontawesome=&#8221;fa fa-phone&#8221; color=&#8221;custom&#8221; background_style=&#8221;boxed&#8221; background_color=&#8221;custom&#8221; size=&#8221;xs&#8221; custom_color=&#8221;#ffffff&#8221; custom_background_color=&#8221;#790726&#8243; css=&#8221;.vc_custom_1591740247101{border-radius: 5px !important;}&#8221;][\/vc_column_inner][vc_column_inner width=&#8221;5\/6&#8243; css=&#8221;.vc_custom_1591739536001{margin: 0px !important;padding: 0px !important;border: 0px initial !important;}&#8221;][vc_column_text]<strong><span class=\"iletisim-icon\">Mobile Phone<\/span>:<\/strong> <a href=\"tel:+905303852159\">(+90) 530 385 21 59<\/a>[\/vc_column_text][\/vc_column_inner][\/vc_row_inner][vc_row_inner][vc_column_inner width=&#8221;1\/6&#8243;][vc_icon icon_fontawesome=&#8221;fa fa-envelope-o&#8221; color=&#8221;custom&#8221; background_style=&#8221;boxed&#8221; background_color=&#8221;custom&#8221; size=&#8221;xs&#8221; custom_color=&#8221;#ffffff&#8221; custom_background_color=&#8221;#790726&#8243; css=&#8221;.vc_custom_1591740745285{border-radius: 5px !important;}&#8221;][\/vc_column_inner][vc_column_inner width=&#8221;5\/6&#8243; css=&#8221;.vc_custom_1591739536001{margin: 0px !important;padding: 0px !important;border: 0px initial !important;}&#8221;][vc_column_text]<strong><span class=\"iletisim-icon\">E-Mail\u00a0<\/span>:<\/strong> <a href=\"mailto:antalya@starkmenu.com.tr\">antalya@starkmenu.com.tr<\/a>[\/vc_column_text][\/vc_column_inner][\/vc_row_inner][\/vc_column][vc_column width=&#8221;1\/2&#8243;][vc_custom_heading text=&#8221;CONTACT US&#8221; font_container=&#8221;tag:h3|text_align:left|color:%23790726&#8243; google_fonts=&#8221;font_family:Oswald%3A300%2Cregular%2C700|font_style:700%20bold%20regular%3A700%3Anormal&#8221;][vc_column_text]To get more detailed information from us, you can contact us by leaving a message on the contact form or by using the contact numbers.[\/vc_column_text]<div role=\"form\" class=\"wpcf7\" id=\"wpcf7-f7886-o1\" lang=\"tr-TR\" dir=\"ltr\">\n<div class=\"screen-reader-response\"><p role=\"status\" aria-live=\"polite\" aria-atomic=\"true\"><\/p> <ul><\/ul><\/div>\n<form action=\"\/en\/wp-json\/wp\/v2\/pages\/2472#wpcf7-f7886-o1\" method=\"post\" class=\"wpcf7-form init\" novalidate=\"novalidate\" data-status=\"init\">\n<div style=\"display: none;\">\n<input type=\"hidden\" name=\"_wpcf7\" value=\"7886\" \/>\n<input type=\"hidden\" name=\"_wpcf7_version\" value=\"5.4\" \/>\n<input type=\"hidden\" name=\"_wpcf7_locale\" value=\"tr_TR\" \/>\n<input type=\"hidden\" name=\"_wpcf7_unit_tag\" value=\"wpcf7-f7886-o1\" \/>\n<input type=\"hidden\" name=\"_wpcf7_container_post\" value=\"0\" \/>\n<input type=\"hidden\" name=\"_wpcf7_posted_data_hash\" value=\"\" \/>\n<\/div>\n<p><label> Your Name (Necessary)<br \/>\n    <span class=\"wpcf7-form-control-wrap your-name\"><input type=\"text\" name=\"your-name\" value=\"\" size=\"40\" class=\"wpcf7-form-control wpcf7-text wpcf7-validates-as-required\" aria-required=\"true\" aria-invalid=\"false\" \/><\/span> <\/label><\/p>\n<p><label> Telephone Number (Necessary) <span class=\"wpcf7-form-control-wrap tel-242\"><input type=\"tel\" name=\"tel-242\" value=\"\" size=\"40\" class=\"wpcf7-form-control wpcf7-text wpcf7-tel wpcf7-validates-as-required wpcf7-validates-as-tel\" aria-required=\"true\" aria-invalid=\"false\" \/><\/span> <\/label><\/p>\n<p><label> E-Mail (Necessary)<br \/>\n    <span class=\"wpcf7-form-control-wrap your-email\"><input type=\"email\" name=\"your-email\" value=\"\" size=\"40\" class=\"wpcf7-form-control wpcf7-text wpcf7-email wpcf7-validates-as-required wpcf7-validates-as-email\" aria-required=\"true\" aria-invalid=\"false\" \/><\/span> <\/label><\/p>\n<p><label> Topic<br \/>\n    <span class=\"wpcf7-form-control-wrap your-subject\"><input type=\"text\" name=\"your-subject\" value=\"\" size=\"40\" class=\"wpcf7-form-control wpcf7-text\" aria-invalid=\"false\" \/><\/span> <\/label><\/p>\n<p><label> Your Message<br \/>\n    <span class=\"wpcf7-form-control-wrap your-message\"><textarea name=\"your-message\" cols=\"40\" rows=\"10\" class=\"wpcf7-form-control wpcf7-textarea\" aria-invalid=\"false\"><\/textarea><\/span> <\/label><\/p>\n<p><input type=\"submit\" value=\"Send\" class=\"wpcf7-form-control wpcf7-submit\" \/><\/p>\n<div class=\"wpcf7-response-output\" aria-hidden=\"true\"><\/div><\/form><\/div>[\/vc_column][\/vc_row][vc_row][vc_column][vc_raw_js]JTNDc2NyaXB0JTIwdHlwZSUzRCUyMnRleHQlMkZqYXZhc2NyaXB0JTIyJTNFJTBBdmFyJTIwdGl0bGUlMjAlM0QlMjBkb2N1bWVudC50aXRsZSUzQiUwQXZhciUyMGFsdHRpdGxlJTIwJTNEJTIwJTIyV2hlcmUlMjBkaWQlMjB5b3UlMjBnbyUzRiUyMCUzQSUyOCUyMiUzQiUwQXdpbmRvdy5vbmJsdXIlMjAlM0QlMjBmdW5jdGlvbiUyMCUyOCUyOSUyMCU3QiUyMGRvY3VtZW50LnRpdGxlJTIwJTNEJTIwYWx0dGl0bGUlM0IlMjAlN0QlM0IlMEF3aW5kb3cub25mb2N1cyUyMCUzRCUyMGZ1bmN0aW9uJTIwJTI4JTI5JTIwJTdCJTIwZG9jdW1lbnQudGl0bGUlMjAlM0QlMjB0aXRsZSUzQiUyMCU3RCUzQiUwQSUzQyUyRnNjcmlwdCUzRQ==[\/vc_raw_js][\/vc_column][\/vc_row]<\/p>","protected":false},"excerpt":{"rendered":"<p>[vc_row][vc_column][vc_gmaps link=&#8221;#E-8_JTNDaWZyYW1lJTIwc3JjJTNEJTIyaHR0cHMlM0ElMkYlMkZ3d3cuZ29vZ2xlLmNvbSUyRm1hcHMlMkZlbWJlZCUzRnBiJTNEJTIxMW0xNCUyMTFtOCUyMTFtMyUyMTFkNjAyMC4yNzMxMzg1MzUxNzklMjEyZDI4LjkxODI3NiUyMTNkNDEuMDIyMjY4JTIxM20yJTIxMWkxMDI0JTIxMmk3NjglMjE0ZjEzLjElMjEzbTMlMjExbTIlMjExczB4MCUyNTNBMHg0YmEzMzFkMWJiNjRlOTQyJTIxMnpVM1JoY21zZ1RXVnV3N3dnVFdWdXc3d2dTMkZpeExFc0lFUmxjbWtndzV4eXc3eHViR1Z5YVNCMlpTQlBkR1ZzSUVWcmFYQnRZVzVzWVhMRXNRJTIxNWUwJTIxM20yJTIxMXN0ciUyMTJzdHIlMjE0djE1OTE3Mzc3MDU1MTYlMjE1bTIlMjExc3RyJTIxMnN0ciUyMiUyMHdpZHRoJTNEJTIyMTAwJTI1JTIyJTIwaGVpZ2h0JTNEJTIyMzAwJTIyJTIwZnJhbWVib3JkZXIlM0QlMjIwJTIyJTIwc3R5bGUlM0QlMjJib3JkZXIlM0EwJTNCJTIyJTIwYWxsb3dmdWxsc2NyZWVuJTNEJTIyJTIyJTIwYXJpYS1oaWRkZW4lM0QlMjJmYWxzZSUyMiUyMHRhYmluZGV4JTNEJTIyMCUyMiUzRSUzQyUyRmlmcmFtZSUzRQ==&#8221;][\/vc_column][\/vc_row][vc_row el_class=&#8221;contact-page-icon-area&#8221;][vc_column width=&#8221;1\/2&#8243;][vc_custom_heading text=&#8221;MAIN OFFICE-SHOWROOM AND PRODUCTION-ISTANBUL-TURKEY&#8221; font_container=&#8221;tag:div|text_align:left|color:%23790726&#8243; google_fonts=&#8221;font_family:Oswald%3A300%2Cregular%2C700|font_style:700%20bold%20regular%3A700%3Anormal&#8221; css=&#8221;.vc_custom_1602231680405{margin-bottom: 15px !important;}&#8221;][vc_row_inner][vc_column_inner width=&#8221;1\/6&#8243;][vc_icon icon_fontawesome=&#8221;fa fa-map-marker&#8221; color=&#8221;custom&#8221; background_style=&#8221;boxed&#8221; background_color=&#8221;custom&#8221; size=&#8221;xs&#8221; custom_color=&#8221;#ffffff&#8221; custom_background_color=&#8221;#790726&#8243; css=&#8221;.vc_custom_1591739302454{border-radius: 5px !important;}&#8221;][vc_column_text][\/vc_column_text][\/vc_column_inner][vc_column_inner width=&#8221;5\/6&#8243;][vc_column_text] Address : Davutpa\u015fa Cad. Baran i\u015f merkezi No.75\/79 Topkap\u0131 \/ Istanbul \/ TURKEY [\/vc_column_text][\/vc_column_inner][\/vc_row_inner][\/vc_column][vc_column width=&#8221;1\/2&#8243;][vc_row_inner][vc_column_inner width=&#8221;1\/6&#8243;][vc_icon icon_fontawesome=&#8221;fa fa-envelope-o&#8221; color=&#8221;custom&#8221; background_style=&#8221;boxed&#8221; background_color=&#8221;custom&#8221; size=&#8221;xs&#8221; custom_color=&#8221;#ffffff&#8221; custom_background_color=&#8221;#790726&#8243; css=&#8221;.vc_custom_1591740745285{border-radius: 5px !important;}&#8221;][\/vc_column_inner][vc_column_inner width=&#8221;5\/6&#8243; css=&#8221;.vc_custom_1591739536001{margin: [&hellip;]<\/p>\n","protected":false},"author":1,"featured_media":0,"parent":0,"menu_order":0,"comment_status":"closed","ping_status":"closed","template":"","meta":[],"_links":{"self":[{"href":"https:\/\/starkmenu.com\/en\/wp-json\/wp\/v2\/pages\/2472"}],"collection":[{"href":"https:\/\/starkmenu.com\/en\/wp-json\/wp\/v2\/pages"}],"about":[{"href":"https:\/\/starkmenu.com\/en\/wp-json\/wp\/v2\/types\/page"}],"author":[{"embeddable":true,"href":"https:\/\/starkmenu.com\/en\/wp-json\/wp\/v2\/users\/1"}],"replies":[{"embeddable":true,"href":"https:\/\/starkmenu.com\/en\/wp-json\/wp\/v2\/comments?post=2472"}],"version-history":[{"count":3,"href":"https:\/\/starkmenu.com\/en\/wp-json\/wp\/v2\/pages\/2472\/revisions"}],"predecessor-version":[{"id":8336,"href":"https:\/\/starkmenu.com\/en\/wp-json\/wp\/v2\/pages\/2472\/revisions\/8336"}],"wp:attachment":[{"href":"https:\/\/starkmenu.com\/en\/wp-json\/wp\/v2\/media?parent=2472"}],"curies":[{"name":"wp","href":"https:\/\/api.w.org\/{rel}","templated":true}]}}