{"id":3107,"date":"2020-06-10T10:47:18","date_gmt":"2020-06-10T10:47:18","guid":{"rendered":"https:\/\/starkmenu.com.tr\/newsletter\/"},"modified":"2020-12-10T10:15:21","modified_gmt":"2020-12-10T10:15:21","slug":"haberdarolun","status":"publish","type":"page","link":"https:\/\/starkmenu.com\/en\/haberdarolun\/","title":{"rendered":"BE AWARE OF US"},"content":{"rendered":"<p>[vc_row][vc_column el_class=&#8221;newslatter&#8221;][vc_single_image image=&#8221;3108&#8243; img_size=&#8221;full&#8221; alignment=&#8221;center&#8221;][vc_custom_heading text=&#8221;B\u0130ZDEN HABERDAR OLUN&#8221; font_container=&#8221;tag:h2|text_align:left|color:%23ffffff&#8221; google_fonts=&#8221;font_family:Oswald%3A300%2Cregular%2C700|font_style:700%20bold%20regular%3A700%3Anormal&#8221;][vc_column_text]<\/p>\n<h2>Stark Men\u00fc e-b\u00fclten \u00fcyeli\u011fi ile yeniliklerimizden haberdar olun<\/h2>\n<p>[\/vc_column_text][vc_column_text][\/vc_column_text][\/vc_column][\/vc_row][vc_row][vc_column][vc_raw_js]JTNDc2NyaXB0JTIwdHlwZSUzRCUyMnRleHQlMkZqYXZhc2NyaXB0JTIyJTNFJTBBdmFyJTIwdGl0bGUlMjAlM0QlMjBkb2N1bWVudC50aXRsZSUzQiUwQXZhciUyMGFsdHRpdGxlJTIwJTNEJTIwJTIyV2hlcmUlMjBkaWQlMjB5b3UlMjBnbyUzRiUyMCUzQSUyOCUyMiUzQiUwQXdpbmRvdy5vbmJsdXIlMjAlM0QlMjBmdW5jdGlvbiUyMCUyOCUyOSUyMCU3QiUyMGRvY3VtZW50LnRpdGxlJTIwJTNEJTIwYWx0dGl0bGUlM0IlMjAlN0QlM0IlMEF3aW5kb3cub25mb2N1cyUyMCUzRCUyMGZ1bmN0aW9uJTIwJTI4JTI5JTIwJTdCJTIwZG9jdW1lbnQudGl0bGUlMjAlM0QlMjB0aXRsZSUzQiUyMCU3RCUzQiUwQSUzQyUyRnNjcmlwdCUzRQ==[\/vc_raw_js][\/vc_column][\/vc_row]<\/p>","protected":false},"excerpt":{"rendered":"<p>[vc_row][vc_column el_class=&#8221;newslatter&#8221;][vc_single_image image=&#8221;3108&#8243; img_size=&#8221;full&#8221; alignment=&#8221;center&#8221;][vc_custom_heading text=&#8221;B\u0130ZDEN HABERDAR OLUN&#8221; font_container=&#8221;tag:h2|text_align:left|color:%23ffffff&#8221; google_fonts=&#8221;font_family:Oswald%3A300%2Cregular%2C700|font_style:700%20bold%20regular%3A700%3Anormal&#8221;][vc_column_text] Stark Men\u00fc e-b\u00fclten \u00fcyeli\u011fi ile yeniliklerimizden haberdar olun [\/vc_column_text][vc_column_text][\/vc_column_text][\/vc_column][\/vc_row][vc_row][vc_column][vc_raw_js]JTNDc2NyaXB0JTIwdHlwZSUzRCUyMnRleHQlMkZqYXZhc2NyaXB0JTIyJTNFJTBBdmFyJTIwdGl0bGUlMjAlM0QlMjBkb2N1bWVudC50aXRsZSUzQiUwQXZhciUyMGFsdHRpdGxlJTIwJTNEJTIwJTIyV2hlcmUlMjBkaWQlMjB5b3UlMjBnbyUzRiUyMCUzQSUyOCUyMiUzQiUwQXdpbmRvdy5vbmJsdXIlMjAlM0QlMjBmdW5jdGlvbiUyMCUyOCUyOSUyMCU3QiUyMGRvY3VtZW50LnRpdGxlJTIwJTNEJTIwYWx0dGl0bGUlM0IlMjAlN0QlM0IlMEF3aW5kb3cub25mb2N1cyUyMCUzRCUyMGZ1bmN0aW9uJTIwJTI4JTI5JTIwJTdCJTIwZG9jdW1lbnQudGl0bGUlMjAlM0QlMjB0aXRsZSUzQiUyMCU3RCUzQiUwQSUzQyUyRnNjcmlwdCUzRQ==[\/vc_raw_js][\/vc_column][\/vc_row]<\/p>\n","protected":false},"author":2,"featured_media":0,"parent":0,"menu_order":0,"comment_status":"closed","ping_status":"closed","template":"","meta":[],"_links":{"self":[{"href":"https:\/\/starkmenu.com\/en\/wp-json\/wp\/v2\/pages\/3107"}],"collection":[{"href":"https:\/\/starkmenu.com\/en\/wp-json\/wp\/v2\/pages"}],"about":[{"href":"https:\/\/starkmenu.com\/en\/wp-json\/wp\/v2\/types\/page"}],"author":[{"embeddable":true,"href":"https:\/\/starkmenu.com\/en\/wp-json\/wp\/v2\/users\/2"}],"replies":[{"embeddable":true,"href":"https:\/\/starkmenu.com\/en\/wp-json\/wp\/v2\/comments?post=3107"}],"version-history":[{"count":3,"href":"https:\/\/starkmenu.com\/en\/wp-json\/wp\/v2\/pages\/3107\/revisions"}],"predecessor-version":[{"id":7800,"href":"https:\/\/starkmenu.com\/en\/wp-json\/wp\/v2\/pages\/3107\/revisions\/7800"}],"wp:attachment":[{"href":"https:\/\/starkmenu.com\/en\/wp-json\/wp\/v2\/media?parent=3107"}],"curies":[{"name":"wp","href":"https:\/\/api.w.org\/{rel}","templated":true}]}}