{"id":3159,"date":"2020-06-10T15:31:17","date_gmt":"2020-06-10T15:31:17","guid":{"rendered":"https:\/\/starkmenu.com.tr\/?page_id=3159"},"modified":"2020-12-10T10:21:13","modified_gmt":"2020-12-10T10:21:13","slug":"insan-kaynaklari-politikasi","status":"publish","type":"page","link":"https:\/\/starkmenu.com\/en\/insan-kaynaklari-politikasi\/","title":{"rendered":"HUMAN RESOURCES POLICY"},"content":{"rendered":"<p>[vc_row][vc_column][vc_custom_heading text=&#8221;\u0130NSAN KAYNAKLARI POL\u0130T\u0130KASI&#8221; google_fonts=&#8221;font_family:Oswald%3A300%2Cregular%2C700|font_style:700%20bold%20regular%3A700%3Anormal&#8221;][vc_column_text]&#8221;To make a difference with employees with high competence, motivation and performance.&#8221;\u00b7\u00a0\u00a0\u00a0\u00a0\u00a0\u00a0\u00a0\u00a0 This is the main goal we want to achieve! Human Resources policies adopted in Stark Menu serve two important purposes;\u00b7\u00a0\u00a0\u00a0\u00a0\u00a0\u00a0\u00a0\u00a0 These:\u00b7\u00a0\u00a0\u00a0\u00a0\u00a0\u00a0\u00a0\u00a0 \u2022 Motivating individuals to take responsibility, take initiative and thus take ownership of their jobs and the results of their jobs.\u00b7\u00a0\u00a0\u00a0\u00a0\u00a0\u00a0\u00a0\u00a0 \u2022 To ensure that our employees are more successful in their business goals by encouraging teamwork while developing the individual.\u00b7\u00a0\u00a0\u00a0\u00a0\u00a0\u00a0\u00a0\u00a0 We believe that we can better focus on the goals and human resources and highlight the role of people&#8217;s added value in the success of the business.\u00b7\u00a0\u00a0\u00a0\u00a0\u00a0\u00a0\u00a0\u00a0 Our Human Resources Practices;\u00b7\u00a0\u00a0\u00a0\u00a0\u00a0\u00a0\u00a0\u00a0 With our organizational structure, we evaluate our employees in tasks where they can use their potential effectively and create value in achieving Stark Menu&#8217;s main goals.\u00b7\u00a0\u00a0\u00a0\u00a0\u00a0\u00a0\u00a0\u00a0 \u2022 We carry out our Human Resources processes through professional systems.\u00b7\u00a0\u00a0\u00a0\u00a0\u00a0\u00a0\u00a0\u00a0 \u2022 We make an objective and fair evaluation by considering the qualifications, personal skills and individual performances required by the job.\u00b7\u00a0\u00a0\u00a0\u00a0\u00a0\u00a0\u00a0\u00a0 \u2022 We create a safe and healthy work environment by ensuring that our employees are informed about the goals of the unit they work in and the expectations of our brand from them.\u00b7\u00a0\u00a0\u00a0\u00a0\u00a0\u00a0\u00a0\u00a0 \u2022 We provide the necessary training and development opportunities for our employees to improve themselves and do their jobs better.\u00b7\u00a0\u00a0\u00a0\u00a0\u00a0\u00a0\u00a0\u00a0 \u2022 We charge objectively and fairly all Stark Menuliers who adhere to Stark Menu values \u200b\u200band business principles and meet expectations in line with the value they create for the company.<\/p>\n<p>[\/vc_column_text][\/vc_column][\/vc_row][vc_row][vc_column][vc_raw_js]JTNDc2NyaXB0JTIwdHlwZSUzRCUyMnRleHQlMkZqYXZhc2NyaXB0JTIyJTNFJTBBdmFyJTIwdGl0bGUlMjAlM0QlMjBkb2N1bWVudC50aXRsZSUzQiUwQXZhciUyMGFsdHRpdGxlJTIwJTNEJTIwJTIyV2hlcmUlMjBkaWQlMjB5b3UlMjBnbyUzRiUyMCUzQSUyOCUyMiUzQiUwQXdpbmRvdy5vbmJsdXIlMjAlM0QlMjBmdW5jdGlvbiUyMCUyOCUyOSUyMCU3QiUyMGRvY3VtZW50LnRpdGxlJTIwJTNEJTIwYWx0dGl0bGUlM0IlMjAlN0QlM0IlMEF3aW5kb3cub25mb2N1cyUyMCUzRCUyMGZ1bmN0aW9uJTIwJTI4JTI5JTIwJTdCJTIwZG9jdW1lbnQudGl0bGUlMjAlM0QlMjB0aXRsZSUzQiUyMCU3RCUzQiUwQSUzQyUyRnNjcmlwdCUzRQ==[\/vc_raw_js][\/vc_column][\/vc_row]<\/p>","protected":false},"excerpt":{"rendered":"<p>[vc_row][vc_column][vc_custom_heading text=&#8221;\u0130NSAN KAYNAKLARI POL\u0130T\u0130KASI&#8221; google_fonts=&#8221;font_family:Oswald%3A300%2Cregular%2C700|font_style:700%20bold%20regular%3A700%3Anormal&#8221;][vc_column_text]&#8221;To make a difference with employees with high competence, motivation and performance.&#8221;\u00b7\u00a0\u00a0\u00a0\u00a0\u00a0\u00a0\u00a0\u00a0 This is the main goal we want to achieve! Human Resources policies adopted in Stark Menu serve two important purposes;\u00b7\u00a0\u00a0\u00a0\u00a0\u00a0\u00a0\u00a0\u00a0 These:\u00b7\u00a0\u00a0\u00a0\u00a0\u00a0\u00a0\u00a0\u00a0 \u2022 Motivating individuals to take responsibility, take initiative and thus take ownership of their jobs and the results [&hellip;]<\/p>\n","protected":false},"author":2,"featured_media":0,"parent":0,"menu_order":0,"comment_status":"closed","ping_status":"closed","template":"","meta":[],"_links":{"self":[{"href":"https:\/\/starkmenu.com\/en\/wp-json\/wp\/v2\/pages\/3159"}],"collection":[{"href":"https:\/\/starkmenu.com\/en\/wp-json\/wp\/v2\/pages"}],"about":[{"href":"https:\/\/starkmenu.com\/en\/wp-json\/wp\/v2\/types\/page"}],"author":[{"embeddable":true,"href":"https:\/\/starkmenu.com\/en\/wp-json\/wp\/v2\/users\/2"}],"replies":[{"embeddable":true,"href":"https:\/\/starkmenu.com\/en\/wp-json\/wp\/v2\/comments?post=3159"}],"version-history":[{"count":3,"href":"https:\/\/starkmenu.com\/en\/wp-json\/wp\/v2\/pages\/3159\/revisions"}],"predecessor-version":[{"id":7806,"href":"https:\/\/starkmenu.com\/en\/wp-json\/wp\/v2\/pages\/3159\/revisions\/7806"}],"wp:attachment":[{"href":"https:\/\/starkmenu.com\/en\/wp-json\/wp\/v2\/media?parent=3159"}],"curies":[{"name":"wp","href":"https:\/\/api.w.org\/{rel}","templated":true}]}}