{"id":5572,"date":"2020-08-28T15:35:28","date_gmt":"2020-08-28T15:35:28","guid":{"rendered":"https:\/\/starkmenu.com.tr\/?page_id=5572"},"modified":"2022-12-20T12:01:30","modified_gmt":"2022-12-20T12:01:30","slug":"galeri","status":"publish","type":"page","link":"https:\/\/starkmenu.com\/en\/galeri\/","title":{"rendered":"GALLERY"},"content":{"rendered":"<p>[vc_row][vc_column css=&#8221;.vc_custom_1598945741734{margin-left: 0px !important;}&#8221;][vc_column_text]<strong>CENTER \/ ISTANBUL Address :<\/strong> Davutpa\u015fa Cad. Baran i\u015f merkezi No.75\/79 Topkap\u0131 \/ ISTANBUL \/ TURKEY<\/p>\n<p><strong><span class=\"iletisim-icon\">Phone<\/span>:<\/strong>\u00a0<a href=\"tel:+902126133750\">(+90) 212 613 37 50\u00a0 <strong><span class=\"iletisim-icon\">Mobile Phone <\/span>:<\/strong>\u00a0<\/a><a href=\"tel:+905303852155\">(+90) 530 385 21 55<\/a> <strong><span class=\"iletisim-icon\">E-Mail\u00a0<\/span>:<\/strong>\u00a0<a href=\"mailto:stark@starkmenu.com.tr\">stark@starkmenu.com.tr<\/a>[\/vc_column_text][vc_raw_js]JTNDZGl2JTIwaWQlM0QlMjJmeXVfeHY5ank5Y2Q2bCUyMiUyMGNsYXNzJTNEJTIyZnl1X2NvbnRhaW5lciUyMGZ5dV9ob3Jpem9udGFsJTIyZGl2JTIwc3R5bGUlM0QlMjJoZWlnaHQlM0FhdXRvJTNCJTIwd2lkdGglM0ExMjAwcHglM0IlMjBib3JkZXIlM0ElMjAxcHglMjBzb2xpZCUyMGJsYWNrJTNCJTIyJTNFJTNDJTJGZGl2JTNFJTNDc2NyaXB0JTIwc3JjJTNEJTIyaHR0cHMlM0ElMkYlMkZmeXUuc2UlMkZlbWJlZCUzRnYlM0QyLjAlMjIlM0UlM0MlMkZzY3JpcHQlM0UlM0NzY3JpcHQlM0VGWVUuYWRkJTI4JTIyeHY5ank5Y2Q2bCUyMiUyQyUyMCUyMmZ5dV94djlqeTljZDZsJTIyJTJDJTdCJTI3cHJlbG9hZCUyNyUzQTElMkMlMjdhdXRvcGxheSUyNyUzQTElMkMlMjdub2xvZ28lMjclM0ExJTdEJTI5JTNCJTNDJTJGc2NyaXB0JTNF[\/vc_raw_js][vc_gallery interval=&#8221;3&#8243; images=&#8221;5614,5615,5616,5618,5617&#8243; img_size=&#8221;550&#215;341&#8243;][\/vc_column][\/vc_row][vc_row][vc_column][\/vc_column][\/vc_row][vc_row][vc_column][vc_column_text]<strong>BRANCH \/ TOPKAPI Address :<\/strong>Litros Yolu 2. Matbaac\u0131lar Sitesi C Blok Kat: 1 No: ZC\/24 Topkap\u0131 \/ ISTANBUL \/ TURKEY<\/p>\n<p><strong><span class=\"iletisim-icon\">Phone <\/span>:<\/strong>\u00a0<a href=\"tel:+902125191333\">(+90) 212 519 13 33 <strong>Mobile Phone:<\/strong>\u00a0<\/a><a href=\"tel:+905441860097\">(+90) 544 186 00 97<\/a> <strong><span class=\"iletisim-icon\">E-Mail\u00a0<\/span>:<\/strong>\u00a0<a href=\"mailto:topkapi@starkmenu.com.tr\">topkapi@starkmenu.com.tr<\/a>[\/vc_column_text][vc_raw_js]JTNDZGl2JTIwaWQlM0QlMjJmeXVfZGozaG9oN3NjcSUyMiUyMGNsYXNzJTNEJTIyZnl1X2NvbnRhaW5lciUyMGZ5dV9ob3Jpem9udGFsJTIyZGl2JTIwc3R5bGUlM0QlMjJoZWlnaHQlM0FhdXRvJTNCJTIwd2lkdGglM0ExMjAwcHglM0IlMjBib3JkZXIlM0ElMjAxcHglMjBzb2xpZCUyMGJsYWNrJTNCJTIyJTNFJTNDJTJGZGl2JTNFJTNDc2NyaXB0JTIwc3JjJTNEJTIyaHR0cHMlM0ElMkYlMkZmeXUuc2UlMkZlbWJlZCUzRnYlM0QyLjAlMjIlM0UlM0MlMkZzY3JpcHQlM0UlM0NzY3JpcHQlM0VGWVUuYWRkJTI4JTIyZGozaG9oN3NjcSUyMiUyQyUyMCUyMmZ5dV9kajNob2g3c2NxJTIyJTJDJTdCJTI3cHJlbG9hZCUyNyUzQTElMkMlMjdhdXRvcGxheSUyNyUzQTElMkMlMjdub2xvZ28lMjclM0ExJTdEJTI5JTNCJTNDJTJGc2NyaXB0JTNF[\/vc_raw_js][vc_gallery interval=&#8221;3&#8243; images=&#8221;5644,5645,5646,5647,5648,5649&#8243; img_size=&#8221;550&#215;341&#8243;][\/vc_column][\/vc_row][vc_row][vc_column][vc_column_text]<strong>BRANCH \/ ISTOC Address :<\/strong>\u0130sto\u00e7 Toptanc\u0131lar \u00c7ar\u015f\u0131s\u0131 4.Ada No 118 Mahmutbey Ba\u011fc\u0131lar \/ ISTANBUL \/ TURKEY<\/p>\n<p><strong><span class=\"iletisim-icon\">Phone <\/span>:<\/strong>\u00a0<a href=\"tel:+902126590097\">(+90) 212 659 00 97\u00a0 <strong>Mobile Phone<span class=\"iletisim-icon\">\u00a0<\/span>:<\/strong>\u00a0<\/a><a href=\"cep:+905331672180\">(+90) 553 167 21 80<\/a> <strong><span class=\"iletisim-icon\">E-Mail\u00a0<\/span>:<\/strong>\u00a0<a href=\"mailto:istoc@starkmenu.com.tr\">istoc@starkmenu.com.tr<\/a>[\/vc_column_text][vc_raw_js]JTNDZGl2JTIwaWQlM0QlMjJmeXVfenZzaHh1ejVxZCUyMiUyMGNsYXNzJTNEJTIyZnl1X2NvbnRhaW5lciUyMGZ5dV9ob3Jpem9udGFsJTIyJTNFJTNDJTJGZGl2JTNFJTNDc2NyaXB0JTIwc3JjJTNEJTIyaHR0cHMlM0ElMkYlMkZmeXUuc2UlMkZlbWJlZCUzRnYlM0QyLjAlMjIlM0UlM0MlMkZzY3JpcHQlM0UlM0NzY3JpcHQlM0VGWVUuYWRkJTI4JTIyenZzaHh1ejVxZCUyMiUyQyUyMCUyMmZ5dV96dnNoeHV6NXFkJTIyJTJDJTdCJTI3YXV0b3BsYXklMjclM0ExJTJDJTI3bm9sb2dvJTI3JTNBMSU3RCUyOSUzQiUzQyUyRnNjcmlwdCUzRQ==[\/vc_raw_js][vc_gallery interval=&#8221;3&#8243; images=&#8221;6619,6620,6615,6616,6617,6618&#8243; img_size=&#8221;550&#215;341&#8243;][\/vc_column][\/vc_row][vc_row][vc_column][vc_column_text]<strong>BRANCH \/ ANTALYA <\/strong><strong>Address :<\/strong> K\u0131z\u0131lsaray Mh. Yener Ulusoy Bulvar\u0131 83. Sk. Akay Apt. No:2 Muratpa\u015fa \/ ANTALYA \/ TURKEY<\/p>\n<p><strong><span class=\"iletisim-icon\">Phone <\/span>:<\/strong>\u00a0<a href=\"tel:+902422416243\">(+90) 242 241 62 43<\/a> <strong>Mobile Phone<span class=\"iletisim-icon\">\u00a0<\/span>:<\/strong>\u00a0<a href=\"tel:+905303852159\">(+90) 530 385 21 59<\/a> <strong><span class=\"iletisim-icon\">E-Mail\u00a0<\/span>:<\/strong>\u00a0<a href=\"mailto:antalya@starkmenu.com.tr\">antalya@starkmenu.com.tr<\/a>[\/vc_column_text][vc_gallery interval=&#8221;3&#8243; images=&#8221;6622,6623,6626,6625,6624&#8243; img_size=&#8221;550&#215;341&#8243;][\/vc_column][\/vc_row][vc_row][vc_column][vc_raw_js]JTNDc2NyaXB0JTIwdHlwZSUzRCUyMnRleHQlMkZqYXZhc2NyaXB0JTIyJTNFJTBBdmFyJTIwdGl0bGUlMjAlM0QlMjBkb2N1bWVudC50aXRsZSUzQiUwQXZhciUyMGFsdHRpdGxlJTIwJTNEJTIwJTIyV2hlcmUlMjBkaWQlMjB5b3UlMjBnbyUzRiUyMCUzQSUyOCUyMiUzQiUwQXdpbmRvdy5vbmJsdXIlMjAlM0QlMjBmdW5jdGlvbiUyMCUyOCUyOSUyMCU3QiUyMGRvY3VtZW50LnRpdGxlJTIwJTNEJTIwYWx0dGl0bGUlM0IlMjAlN0QlM0IlMEF3aW5kb3cub25mb2N1cyUyMCUzRCUyMGZ1bmN0aW9uJTIwJTI4JTI5JTIwJTdCJTIwZG9jdW1lbnQudGl0bGUlMjAlM0QlMjB0aXRsZSUzQiUyMCU3RCUzQiUwQSUzQyUyRnNjcmlwdCUzRQ==[\/vc_raw_js][\/vc_column][\/vc_row]<\/p>","protected":false},"excerpt":{"rendered":"<p>[vc_row][vc_column css=&#8221;.vc_custom_1598945741734{margin-left: 0px !important;}&#8221;][vc_column_text]CENTER \/ ISTANBUL Address : Davutpa\u015fa Cad. Baran i\u015f merkezi No.75\/79 Topkap\u0131 \/ ISTANBUL \/ TURKEY Phone:\u00a0(+90) 212 613 37 50\u00a0 Mobile Phone :\u00a0(+90) 530 385 21 55 E-Mail\u00a0:\u00a0stark@starkmenu.com.tr[\/vc_column_text][vc_raw_js]JTNDZGl2JTIwaWQlM0QlMjJmeXVfeHY5ank5Y2Q2bCUyMiUyMGNsYXNzJTNEJTIyZnl1X2NvbnRhaW5lciUyMGZ5dV9ob3Jpem9udGFsJTIyZGl2JTIwc3R5bGUlM0QlMjJoZWlnaHQlM0FhdXRvJTNCJTIwd2lkdGglM0ExMjAwcHglM0IlMjBib3JkZXIlM0ElMjAxcHglMjBzb2xpZCUyMGJsYWNrJTNCJTIyJTNFJTNDJTJGZGl2JTNFJTNDc2NyaXB0JTIwc3JjJTNEJTIyaHR0cHMlM0ElMkYlMkZmeXUuc2UlMkZlbWJlZCUzRnYlM0QyLjAlMjIlM0UlM0MlMkZzY3JpcHQlM0UlM0NzY3JpcHQlM0VGWVUuYWRkJTI4JTIyeHY5ank5Y2Q2bCUyMiUyQyUyMCUyMmZ5dV94djlqeTljZDZsJTIyJTJDJTdCJTI3cHJlbG9hZCUyNyUzQTElMkMlMjdhdXRvcGxheSUyNyUzQTElMkMlMjdub2xvZ28lMjclM0ExJTdEJTI5JTNCJTNDJTJGc2NyaXB0JTNF[\/vc_raw_js][vc_gallery interval=&#8221;3&#8243; images=&#8221;5614,5615,5616,5618,5617&#8243; img_size=&#8221;550&#215;341&#8243;][\/vc_column][\/vc_row][vc_row][vc_column][\/vc_column][\/vc_row][vc_row][vc_column][vc_column_text]BRANCH \/ TOPKAPI Address :Litros Yolu 2. Matbaac\u0131lar Sitesi C Blok Kat: 1 No: ZC\/24 Topkap\u0131 \/ ISTANBUL \/ TURKEY Phone [&hellip;]<\/p>\n","protected":false},"author":5,"featured_media":0,"parent":0,"menu_order":0,"comment_status":"closed","ping_status":"closed","template":"","meta":[],"_links":{"self":[{"href":"https:\/\/starkmenu.com\/en\/wp-json\/wp\/v2\/pages\/5572"}],"collection":[{"href":"https:\/\/starkmenu.com\/en\/wp-json\/wp\/v2\/pages"}],"about":[{"href":"https:\/\/starkmenu.com\/en\/wp-json\/wp\/v2\/types\/page"}],"author":[{"embeddable":true,"href":"https:\/\/starkmenu.com\/en\/wp-json\/wp\/v2\/users\/5"}],"replies":[{"embeddable":true,"href":"https:\/\/starkmenu.com\/en\/wp-json\/wp\/v2\/comments?post=5572"}],"version-history":[{"count":3,"href":"https:\/\/starkmenu.com\/en\/wp-json\/wp\/v2\/pages\/5572\/revisions"}],"predecessor-version":[{"id":8461,"href":"https:\/\/starkmenu.com\/en\/wp-json\/wp\/v2\/pages\/5572\/revisions\/8461"}],"wp:attachment":[{"href":"https:\/\/starkmenu.com\/en\/wp-json\/wp\/v2\/media?parent=5572"}],"curies":[{"name":"wp","href":"https:\/\/api.w.org\/{rel}","templated":true}]}}