{"id":8306,"date":"2021-06-12T08:41:36","date_gmt":"2021-06-12T08:41:36","guid":{"rendered":"https:\/\/starkmenu.com.tr\/?page_id=8306"},"modified":"2021-06-12T08:41:36","modified_gmt":"2021-06-12T08:41:36","slug":"standin-bulundugu-iller-yayinlanmadi-sadece-arsiv-olarak-duruyor","status":"publish","type":"page","link":"https:\/\/starkmenu.com\/en\/standin-bulundugu-iller-yayinlanmadi-sadece-arsiv-olarak-duruyor\/","title":{"rendered":"(Turkish) STANDIN BULUNDU\u011eU \u0130LLER (YAYINLANMADI SADECE AR\u015e\u0130V OLARAK DURUYOR)"},"content":{"rendered":"<p class=\"qtranxs-available-languages-message qtranxs-available-languages-message-en\">Sorry, this entry is only available in <a href=\"https:\/\/starkmenu.com\/tr\/wp-json\/wp\/v2\/pages\/8306\" class=\"qtranxs-available-language-link qtranxs-available-language-link-tr\" title=\"Turkish\">Turkish<\/a>.<\/p>","protected":false},"excerpt":{"rendered":"<p>Sorry, this entry is only available in Turkish.<\/p>\n","protected":false},"author":5,"featured_media":0,"parent":0,"menu_order":0,"comment_status":"closed","ping_status":"closed","template":"","meta":[],"_links":{"self":[{"href":"https:\/\/starkmenu.com\/en\/wp-json\/wp\/v2\/pages\/8306"}],"collection":[{"href":"https:\/\/starkmenu.com\/en\/wp-json\/wp\/v2\/pages"}],"about":[{"href":"https:\/\/starkmenu.com\/en\/wp-json\/wp\/v2\/types\/page"}],"author":[{"embeddable":true,"href":"https:\/\/starkmenu.com\/en\/wp-json\/wp\/v2\/users\/5"}],"replies":[{"embeddable":true,"href":"https:\/\/starkmenu.com\/en\/wp-json\/wp\/v2\/comments?post=8306"}],"version-history":[{"count":1,"href":"https:\/\/starkmenu.com\/en\/wp-json\/wp\/v2\/pages\/8306\/revisions"}],"predecessor-version":[{"id":8307,"href":"https:\/\/starkmenu.com\/en\/wp-json\/wp\/v2\/pages\/8306\/revisions\/8307"}],"wp:attachment":[{"href":"https:\/\/starkmenu.com\/en\/wp-json\/wp\/v2\/media?parent=8306"}],"curies":[{"name":"wp","href":"https:\/\/api.w.org\/{rel}","templated":true}]}}